{"id":4417,"date":"2025-12-23T18:24:25","date_gmt":"2025-12-23T17:24:25","guid":{"rendered":"https:\/\/admin.volvocarsmataro.com\/?page_id=4417"},"modified":"2025-12-24T16:08:36","modified_gmt":"2025-12-24T15:08:36","slug":"politica-de-cookies","status":"publish","type":"page","link":"https:\/\/admin.volvocarsmataro.com\/ca\/politica-de-cookies\/","title":{"rendered":"Pol\u00edtica de Cookies"},"content":{"rendered":"<div class=\"hero-block hero-block--small\" style=\"background-color: Page;\">\n                        <div class=\"hero-slide\">\n                                    <h2 class=\"hero-title\">Pol\u00edtica de Cookies<\/h2>\n                                \n                                    <p class=\"hero-subtitle\">Seguint els principis de licitud, lleialtat i transpar\u00e8ncia, posem a la vostra disposici\u00f3 aquesta Pol\u00edtica de Cookies.<\/p>\n                                \n                                \n                                \n                            <\/div>\n            <\/div> \n\n<div class=\"block-text\"><div><b><span class=\"il\">Pol\u00edtica de Cookies<\/span><\/b><\/div>\n<div>\n<hr \/>\n<p data-path-to-node=\"55\"><b data-path-to-node=\"55\" data-index-in-node=\"0\">QU\u00c8 S\u00d3N LES COOKIES?<\/b><\/p>\n<p data-path-to-node=\"56\">Una galeta \u00e9s un fitxer que es descarrega al vostre ordinador en accedir a determinades p\u00e0gines web. Les galetes permeten a una p\u00e0gina web, entre altres coses, emmagatzemar i recuperar informaci\u00f3 sobre els h\u00e0bits de navegaci\u00f3 d&#039;un usuari o del seu equip i, depenent de la informaci\u00f3 que continguin i de la manera com utilitzi el seu equip, es poden utilitzar per recon\u00e8ixer l&#039;usuari.<\/p>\n<hr \/>\n<p data-path-to-node=\"57\"><b data-path-to-node=\"57\" data-index-in-node=\"0\">QUINS TIPUS DE COOKIES UTILITZA AQUESTA P\u00c0GINA WEB?<\/b><\/p>\n<p data-path-to-node=\"58\">Aquesta p\u00e0gina web, titularitat de GRUP VOLMAR, pot utilitzar les cookies seg\u00fcents:<\/p>\n<ul data-path-to-node=\"59\">\n<li>\n<p data-path-to-node=\"59,0,0\"><b data-path-to-node=\"59,0,0\" data-index-in-node=\"0\">Galetes d&#039;an\u00e0lisi:<\/b> S\u00f3n aquelles que ben tractades per nosaltres o per tercers, ens permeten quantificar el nombre d&#039;usuaris i aix\u00ed realitzar el mesurament i l&#039;an\u00e0lisi estad\u00edstica de la utilitzaci\u00f3 que fan els usuaris del servei ofert. Per aix\u00f2 s&#039;analitza la vostra navegaci\u00f3 a la nostra p\u00e0gina web per tal de millorar l&#039;oferta de productes o serveis que us oferim.<\/p>\n<\/li>\n<li>\n<p data-path-to-node=\"59,1,0\"><b data-path-to-node=\"59,1,0\" data-index-in-node=\"0\">Galetes t\u00e8cniques:<\/b> S\u00f3n aquelles que permeten a l&#039;usuari la navegaci\u00f3 a trav\u00e9s de l&#039;\u00e0rea restringida i la utilitzaci\u00f3 de les diferents funcions, com per exemple, portar a canvi el proc\u00e9s de compra d&#039;un article.<\/p>\n<\/li>\n<li>\n<p data-path-to-node=\"59,2,0\"><b data-path-to-node=\"59,2,0\" data-index-in-node=\"0\">Cookies de personalitzaci\u00f3:<\/b> S\u00f3n aquelles que permeten a l&#039;usuari accedir al servei amb algunes caracter\u00edstiques de car\u00e0cter general predefinides en funci\u00f3 d&#039;una s\u00e8rie de criteris al terminal de l&#039;usuari com ara serien l&#039;idioma o el tipus de navegador a trav\u00e9s del qual es connecta al servei.<\/p>\n<\/li>\n<\/ul>\n<hr \/>\n<p data-path-to-node=\"60\"><b data-path-to-node=\"60\" data-index-in-node=\"0\">DESACTIVACI\u00d3 I ELIMINACI\u00d3 DE COOKIES<\/b><\/p>\n<p data-path-to-node=\"61\">Podeu permetre, bloquejar o eliminar les cookies instal\u00b7lades al vostre equip mitjan\u00e7ant la configuraci\u00f3 de les opcions del navegador instal\u00b7lat al vostre ordinador.<\/p>\n<p data-path-to-node=\"62\">A continuaci\u00f3, podeu accedir a la configuraci\u00f3 dels navegadors webs m\u00e9s freq\u00fcents per acceptar, instal\u00b7lar o desactivar les cookies:<\/p>\n<ul data-path-to-node=\"63\">\n<li>\n<p data-path-to-node=\"63,0,0\"><b data-path-to-node=\"63,0,0\" data-index-in-node=\"0\">Google Chrome:<\/b> Configuraci\u00f3 -&gt; Privadesa i seguretat -&gt; Cookies i altres dades de llocs.<\/p>\n<\/li>\n<li>\n<p data-path-to-node=\"63,1,0\"><b data-path-to-node=\"63,1,0\" data-index-in-node=\"0\">Mozilla Firefox:<\/b> Ajustaments -&gt; Privadesa i seguretat.<\/p>\n<\/li>\n<li>\n<p data-path-to-node=\"63,2,0\"><b data-path-to-node=\"63,2,0\" data-index-in-node=\"0\">Safari:<\/b> Prefer\u00e8ncies -&gt; Seguretat.<\/p>\n<\/li>\n<li>\n<p data-path-to-node=\"63,3,0\"><b data-path-to-node=\"63,3,0\" data-index-in-node=\"0\">Internet Explorer \/ Edge:<\/b> Eines -&gt; Opcions d&#039;Internet -&gt; Privadesa.<\/p>\n<\/li>\n<\/ul>\n<hr \/>\n<p data-path-to-node=\"64\"><b data-path-to-node=\"64\" data-index-in-node=\"0\">ACCEPTACI\u00d3 DE LA POL\u00cdTICA DE COOKIES<\/b><\/p>\n<p data-path-to-node=\"65\">GRUP VOLMAR assumeix que vost\u00e8 accepta l&#039;\u00fas de galetes. No obstant<span class=\"citation-26 citation-27 citation-end-27\">e, mostrem informaci\u00f3 sobre la nostra Pol\u00edtica de cookies a la part inferior o superior de qualsevol p\u00e0gina del portal amb cada inici de sessi\u00f3 per tal que vost\u00e8 sigui conscient.<\/span><\/p>\n<p data-path-to-node=\"66\"><span class=\"citation-24 citation-25 citation-end-25\">Davant d&#039;aquesta informaci\u00f3 \u00e9s possible dur a terme les accions seg\u00fcents:<\/span><\/p>\n<ul data-path-to-node=\"67\">\n<li>\n<p data-path-to-node=\"67,0,0\"><b data-path-to-node=\"67,0,0\" data-index-in-node=\"0\"><span class=\"citation-22 citation-23\">Acceptar cookies:<\/span><\/b><span class=\"citation-22 citation-23 citation-end-23\"> No es tornar\u00e0 a<\/span><span class=\"citation-22 citation-end-22\"> visualitzar aquest av\u00eds en accedir a qualsevol p\u00e0gina del portal dura<\/span>ment aquesta sessi\u00f3.<\/p>\n<\/li>\n<li>\n<p data-path-to-node=\"67,1,0\"><b data-path-to-node=\"67,1,0\" data-index-in-node=\"0\">Modificar la configuraci\u00f3:<\/b> Podreu obtenir m\u00e9s informaci\u00f3 sobre qu\u00e8 s\u00f3n les galetes, con\u00e8ixer la Pol\u00edtica de galetes de GRUP VOLMAR i modificar la configuraci\u00f3 del vostre navegador.<\/p>\n<\/li>\n<\/ul>\n<hr \/>\n<p>&nbsp;<\/p>\n<\/div>\n<\/div>","protected":false},"excerpt":{"rendered":"","protected":false},"author":1,"featured_media":0,"parent":0,"menu_order":0,"comment_status":"closed","ping_status":"closed","template":"","meta":{"_acf_changed":false,"footnotes":""},"class_list":["post-4417","page","type-page","status-publish","hentry"],"acf":[],"yoast_head":"<!-- This site is optimized with the Yoast SEO plugin v26.0 - https:\/\/yoast.com\/wordpress\/plugins\/seo\/ -->\n<title>Pol\u00edtica de Cookies - Volvo Cars Matar\u00f3<\/title>\n<meta name=\"robots\" content=\"noindex, follow, max-snippet:-1, max-image-preview:large, max-video-preview:-1\" \/>\n<meta property=\"og:locale\" content=\"ca_ES\" \/>\n<meta property=\"og:type\" content=\"article\" \/>\n<meta property=\"og:title\" content=\"Pol\u00edtica de Cookies - Volvo Cars Matar\u00f3\" \/>\n<meta property=\"og:url\" content=\"https:\/\/admin.volvocarsmataro.com\/ca\/politica-de-cookies\/\" \/>\n<meta property=\"og:site_name\" content=\"Volvo Cars Matar\u00f3\" \/>\n<meta property=\"article:modified_time\" content=\"2025-12-24T15:08:36+00:00\" \/>\n<meta name=\"twitter:card\" content=\"summary_large_image\" \/>\n<script type=\"application\/ld+json\" class=\"yoast-schema-graph\">{\"@context\":\"https:\/\/schema.org\",\"@graph\":[{\"@type\":\"WebPage\",\"@id\":\"https:\/\/admin.volvocarsmataro.com\/politica-de-cookies\/\",\"url\":\"https:\/\/admin.volvocarsmataro.com\/politica-de-cookies\/\",\"name\":\"Pol\u00edtica de Cookies - Volvo Cars Matar\u00f3\",\"isPartOf\":{\"@id\":\"https:\/\/admin.volvocarsmataro.com\/#website\"},\"datePublished\":\"2025-12-23T17:24:25+00:00\",\"dateModified\":\"2025-12-24T15:08:36+00:00\",\"breadcrumb\":{\"@id\":\"https:\/\/admin.volvocarsmataro.com\/politica-de-cookies\/#breadcrumb\"},\"inLanguage\":\"ca\",\"potentialAction\":[{\"@type\":\"ReadAction\",\"target\":[\"https:\/\/admin.volvocarsmataro.com\/politica-de-cookies\/\"]}]},{\"@type\":\"BreadcrumbList\",\"@id\":\"https:\/\/admin.volvocarsmataro.com\/politica-de-cookies\/#breadcrumb\",\"itemListElement\":[{\"@type\":\"ListItem\",\"position\":1,\"name\":\"Home\",\"item\":\"https:\/\/admin.volvocarsmataro.com\/\"},{\"@type\":\"ListItem\",\"position\":2,\"name\":\"Pol\u00edtica de Cookies\"}]},{\"@type\":\"WebSite\",\"@id\":\"https:\/\/admin.volvocarsmataro.com\/#website\",\"url\":\"https:\/\/admin.volvocarsmataro.com\/\",\"name\":\"Volvo Cars Matar\u00f3\",\"description\":\"\",\"potentialAction\":[{\"@type\":\"SearchAction\",\"target\":{\"@type\":\"EntryPoint\",\"urlTemplate\":\"https:\/\/admin.volvocarsmataro.com\/?s={search_term_string}\"},\"query-input\":{\"@type\":\"PropertyValueSpecification\",\"valueRequired\":true,\"valueName\":\"search_term_string\"}}],\"inLanguage\":\"ca\"}]}<\/script>\n<!-- \/ Yoast SEO plugin. -->","yoast_head_json":{"title":"Pol\u00edtica de Cookies - Volvo Cars Matar\u00f3","robots":{"index":"noindex","follow":"follow","max-snippet":"max-snippet:-1","max-image-preview":"max-image-preview:large","max-video-preview":"max-video-preview:-1"},"og_locale":"ca_ES","og_type":"article","og_title":"Pol\u00edtica de Cookies - Volvo Cars Matar\u00f3","og_url":"https:\/\/admin.volvocarsmataro.com\/ca\/politica-de-cookies\/","og_site_name":"Volvo Cars Matar\u00f3","article_modified_time":"2025-12-24T15:08:36+00:00","twitter_card":"summary_large_image","schema":{"@context":"https:\/\/schema.org","@graph":[{"@type":"WebPage","@id":"https:\/\/admin.volvocarsmataro.com\/politica-de-cookies\/","url":"https:\/\/admin.volvocarsmataro.com\/politica-de-cookies\/","name":"Pol\u00edtica de Cookies - Volvo Cars Matar\u00f3","isPartOf":{"@id":"https:\/\/admin.volvocarsmataro.com\/#website"},"datePublished":"2025-12-23T17:24:25+00:00","dateModified":"2025-12-24T15:08:36+00:00","breadcrumb":{"@id":"https:\/\/admin.volvocarsmataro.com\/politica-de-cookies\/#breadcrumb"},"inLanguage":"ca","potentialAction":[{"@type":"ReadAction","target":["https:\/\/admin.volvocarsmataro.com\/politica-de-cookies\/"]}]},{"@type":"BreadcrumbList","@id":"https:\/\/admin.volvocarsmataro.com\/politica-de-cookies\/#breadcrumb","itemListElement":[{"@type":"ListItem","position":1,"name":"Home","item":"https:\/\/admin.volvocarsmataro.com\/"},{"@type":"ListItem","position":2,"name":"Pol\u00edtica de Cookies"}]},{"@type":"WebSite","@id":"https:\/\/admin.volvocarsmataro.com\/#website","url":"https:\/\/admin.volvocarsmataro.com\/","name":"Volvo Cars Matar\u00f3","description":"","potentialAction":[{"@type":"SearchAction","target":{"@type":"EntryPoint","urlTemplate":"https:\/\/admin.volvocarsmataro.com\/?s={search_term_string}"},"query-input":{"@type":"PropertyValueSpecification","valueRequired":true,"valueName":"search_term_string"}}],"inLanguage":"ca"}]}},"_links":{"self":[{"href":"https:\/\/admin.volvocarsmataro.com\/ca\/wp-json\/wp\/v2\/pages\/4417","targetHints":{"allow":["GET"]}}],"collection":[{"href":"https:\/\/admin.volvocarsmataro.com\/ca\/wp-json\/wp\/v2\/pages"}],"about":[{"href":"https:\/\/admin.volvocarsmataro.com\/ca\/wp-json\/wp\/v2\/types\/page"}],"author":[{"embeddable":true,"href":"https:\/\/admin.volvocarsmataro.com\/ca\/wp-json\/wp\/v2\/users\/1"}],"replies":[{"embeddable":true,"href":"https:\/\/admin.volvocarsmataro.com\/ca\/wp-json\/wp\/v2\/comments?post=4417"}],"version-history":[{"count":4,"href":"https:\/\/admin.volvocarsmataro.com\/ca\/wp-json\/wp\/v2\/pages\/4417\/revisions"}],"predecessor-version":[{"id":4435,"href":"https:\/\/admin.volvocarsmataro.com\/ca\/wp-json\/wp\/v2\/pages\/4417\/revisions\/4435"}],"wp:attachment":[{"href":"https:\/\/admin.volvocarsmataro.com\/ca\/wp-json\/wp\/v2\/media?parent=4417"}],"curies":[{"name":"wp","href":"https:\/\/api.w.org\/{rel}","templated":true}]}}